{"id":2,"date":"2012-02-13T17:16:22","date_gmt":"2012-02-13T17:16:22","guid":{"rendered":"http:\/\/www.epcra.eu\/?page_id=2"},"modified":"2015-05-29T06:43:49","modified_gmt":"2015-05-29T04:43:49","slug":"accueil","status":"publish","type":"page","link":"https:\/\/www.epcra.eu\/de\/","title":{"rendered":"Home"},"content":{"rendered":"<p><\/p>\n<h2>Programm f\u00fcr lebenslanges Lernen<\/h2>\n<h3 style=\"text-transform: uppercase;\">Europ\u00e4ische Zertifizierung f\u00fcr Seilzugangstechniker<\/h3>\n<p>Die Erarbeitung eines gemeinsamen Bezugssystems f\u00fcr die europ\u00e4isch harmonisierte Zertifizierung f\u00fcr Anwender von Seilzugangs- und Positionierungstechniken wird von den vier Verb\u00e4nden ANETVA (Spanien), FISAT (Deutschland), SFETH (Frankreich) und SOFT (Norwegen) seit 2010 permanent vorangetrieben. Die Projektpartner repr\u00e4sentieren \u00fcber 15.000 H\u00f6henarbeiter, welche weltweit in den unterschiedlichsten Branchen wie Bauwesen, Schwerindustrie, Energieversorgung, Offshore, Telekommunikation, Veranstaltungstechnik oder Industriereinigung t\u00e4tig sind.<\/p>\n<p>Die vier Verb\u00e4nde greifen dabei auf das p\u00e4dagogische Know-how von drei \u00a0Bildungseinrichtungen zur\u00fcck: GRETA VIVA 5 (Frankreich), SEILPARTNER (Deutschland) und TINDAI (Spanien).<\/p>\n<p>F\u00fcr die Gesamtkoordination des Projektes zeichnet die GIP FIPAG \/ Acad\u00e9mie de Grenoble (Frankreich) verantwortlich. Die Konformit\u00e4tsbewertung des Programms wird durch den Abschlusspr\u00fcfer CDI (Bulgarien) durchgef\u00fchrt.<br \/> Diese neun Organisationen aus Frankreich, Spanien, Deutschland, Norwegen und Bulgarien st\u00fctzen sich auf die Erfahrung der jeweils etablierten nationalen Zertifizierungssysteme um die Fertigkeiten und Kompetenzen von H\u00f6henarbeitern in den Partnerl\u00e4ndern zu harmonisieren.<\/p>\n<p>Hauptziel ist die Etablierung einer kompetenzbasierten Ausbildung und Schaffung internationaler Standards, um ein besseres Verst\u00e4ndnis f\u00fcr die angewandten Techniken zu f\u00f6rdern.<\/p>\n<p>Eine einzigartige professionelle Qualifikation, die der Angleichung der Berufsbildungssysteme und der Harmonisierung von Zertifizierungssystemen in jedem Mitgliedsstaat dient.<\/p>\n<p><\/p>","protected":false},"excerpt":{"rendered":"<p>Programm f\u00fcr lebenslanges Lernen Europ\u00e4ische Zertifizierung f\u00fcr Seilzugangstechniker Die Erarbeitung eines gemeinsamen Bezugssystems f\u00fcr die europ\u00e4isch harmonisierte Zertifizierung f\u00fcr Anwender von Seilzugangs- und Positionierungstechniken wird von den vier Verb\u00e4nden ANETVA (Spanien), FISAT (Deutschland), SFETH (Frankreich) und SOFT (Norwegen) seit 2010 &hellip; <a href=\"https:\/\/www.epcra.eu\/de\/\">Continue reading <span class=\"meta-nav\">&rarr;<\/span><\/a><\/p>\n","protected":false},"author":2,"featured_media":0,"parent":0,"menu_order":1,"comment_status":"closed","ping_status":"closed","template":"","meta":{"footnotes":""},"class_list":["post-2","page","type-page","status-publish","hentry"],"_links":{"self":[{"href":"https:\/\/www.epcra.eu\/de\/wp-json\/wp\/v2\/pages\/2","targetHints":{"allow":["GET"]}}],"collection":[{"href":"https:\/\/www.epcra.eu\/de\/wp-json\/wp\/v2\/pages"}],"about":[{"href":"https:\/\/www.epcra.eu\/de\/wp-json\/wp\/v2\/types\/page"}],"author":[{"embeddable":true,"href":"https:\/\/www.epcra.eu\/de\/wp-json\/wp\/v2\/users\/2"}],"replies":[{"embeddable":true,"href":"https:\/\/www.epcra.eu\/de\/wp-json\/wp\/v2\/comments?post=2"}],"version-history":[{"count":5,"href":"https:\/\/www.epcra.eu\/de\/wp-json\/wp\/v2\/pages\/2\/revisions"}],"predecessor-version":[{"id":330,"href":"https:\/\/www.epcra.eu\/de\/wp-json\/wp\/v2\/pages\/2\/revisions\/330"}],"wp:attachment":[{"href":"https:\/\/www.epcra.eu\/de\/wp-json\/wp\/v2\/media?parent=2"}],"curies":[{"name":"wp","href":"https:\/\/api.w.org\/{rel}","templated":true}]}}