{"id":90,"date":"2014-02-06T17:53:23","date_gmt":"2014-02-06T16:53:23","guid":{"rendered":"http:\/\/www.epcra.eu\/?page_id=90"},"modified":"2015-05-22T07:35:54","modified_gmt":"2015-05-22T05:35:54","slug":"les-travaux","status":"publish","type":"page","link":"https:\/\/www.epcra.eu\/de\/les-travaux\/","title":{"rendered":"Projekterzeugnisse"},"content":{"rendered":"<p><\/p>\n<h2>Referenzniveau f\u00fcr die T\u00e4tigkeiten und Kompetenzen von H\u00f6henarbeitern<\/h2>\n<p>Entwickelt aus den Ergebnissen des Leonardo-Projekts TSC und nationalen Vorgaben. Es beinhaltet:<\/p>\n<ul>\n<li>Funktion: Summe aus T\u00e4tigkeiten zur Erreichung eines gemeinsamen Ziels<\/li>\n<li>T\u00e4tigkeit: Koh\u00e4rentes B\u00fcndel identifizierter und organisierter Einzelaufgaben<\/li>\n<li>Aufgabe: Grundeinheit der T\u00e4tigkeit<\/li>\n<\/ul>\n<p>Jede Aufgabe ist wiederum in folgende Rubriken unterteilt:<\/p>\n<ul>\n<li>Beschreibung der Aufgabe<\/li>\n<li>Bedingungen zur Realisierung der Aufgabe<\/li>\n<li>Kompetenzen hinsichtlich der Kenntnisse, des Know-hows und der Fertigkeiten<\/li>\n<\/ul>\n<h2>Referenzniveau f\u00fcr die Zertifizierung<\/h2>\n<p>Das Referenzniveau f\u00fcr die Zertifizierung wurde aus dem Referenzniveau f\u00fcr die T\u00e4tigkeiten und Kompetenzen von H\u00f6henarbeitern entwickelt. Es handelt sich um ein Dokument, welches den Vorgaben des Europ\u00e4ischen Qualifikationsrahmens entspricht und beinhaltet:<\/p>\n<ul>\n<li>Die Definition der einzelnen Zertifizierungseinheiten<\/li>\n<li>Eine Tabelle, welche die Verkn\u00fcpfung des modularen Ausbildungssystems mit den Zertifizierungseinheiten aufzeigt<\/li>\n<\/ul>\n<p>Definition der Zertifizierungseinheiten<\/p>\n<ul>\n<li>Kompetenzen und Fachwissen, welches bewertet wird, Bewertungskriterien und Bewertungsmethoden<\/li>\n<li>Lernergebnisse (Kenntnisse, Fertigkeiten, Kompetenzen)<\/li>\n<\/ul>\n<p>Es enth\u00e4lt zus\u00e4tzlich:<\/p>\n<ul>\n<li>ECVET-Leistungspunkte f\u00fcr die Zertifizierung und die Modalit\u00e4ten f\u00fcr deren Vergabe<\/li>\n<li>Eine Beschreibung f\u00fcr die Eintragung im Europass<\/li>\n<li>Die Kriterien und Verfahren f\u00fcr die Zulassung zur Zertifizierung mit einschl\u00e4giger beruflicher Vorerfahrung<\/li>\n<li>Die Zusammensetzung der Pr\u00fcfungskommission<\/li>\n<\/ul>\n<h2>Modulares Trainingsprogramm<\/h2>\n<p>Die Struktur des modularen Trainingsprogramms muss folgendes gew\u00e4hrleisten:<\/p>\n<ul>\n<li>Das Durchlaufen des Programms muss auch \u00fcber eine l\u00e4ngere Zeitperiode und bei wechselnden T\u00e4tigkeiten oder unterschiedlichen Schulungsanbietern erm\u00f6glicht werden<\/li>\n<li>Eine Anerkennung der spezifischen Vorerfahrung<\/li>\n<\/ul>\n<p>Das Trainingsprogramm beinhaltet:<\/p>\n<ul>\n<li>Das Diagramm der modularen Architektur<\/li>\n<li>Die Beschreibung eines jeden Moduls: Titel, Inhalt, Voraussetzungen, Unterrichtsmethode, Bewertungs- und Validierungsverfahren<\/li>\n<li>Eine Tabelle, welche die Verkn\u00fcpfung der Module mit den Zertifizierungseinheiten aufzeigt<\/li>\n<\/ul>\n<h2>Trainingsprogramm f\u00fcr Ausbilder<\/h2>\n<p>Erm\u00f6glicht den teilnehmenden Ausbildern sich mit den Ergebnissen, welche im Rahmen des Forschungsprojektes produziert wurden vertraut zu machen und ihre p\u00e4dagogischen F\u00e4higkeiten weiterzuentwickeln. Das Trainingsprogramm f\u00fcr Ausbilder beinhaltet:<\/p>\n<ul>\n<li>Die Beschreibung des Moduls: Titel, Inhalt, Voraussetzungen, Unterrichtsmethode, Bewertungs- und Validierungsverfahren<\/li>\n<li>Die Simulation einer Lehreinheit<\/li>\n<li>Raster f\u00fcr die Beurteilung der Ausbildung<\/li>\n<\/ul>\n<h2>Trainingsprogramm f\u00fcr Mitglieder der Pr\u00fcfungskommission<\/h2>\n<p>Erm\u00f6glicht den Teilnehmern (Ausbilder, Mitarbeiter und Unternehmer) sich mit den Ergebnissen, welche im Rahmen des Projektes produziert wurden vertraut zu machen und diese zu nutzen. Das Trainingsprogramm f\u00fcr Mitglieder der Pr\u00fcfungskommission beinhaltet:<\/p>\n<ul>\n<li>Die Beschreibung des Moduls: Titel, Ziele, Inhalte und Lernmethode<\/li>\n<li>Die Simulation einer Zertifizierung<\/li>\n<li>Raster f\u00fcr die Beurteilung der Teilnehmer<\/li>\n<\/ul>\n<p>Dieses Dokument wird um ein Register der notwendigen Vorkenntnisse f\u00fcr Mitglieder der Pr\u00fcfungskommission erg\u00e4nzt: Voraussetzungen, um Mitglied der Pr\u00fcfungskommission zu werden.<\/p>\n<h2>Ausbildung der Ausbilder<\/h2>\n<ul>\n<li>Training einer Gruppe von 10 Ausbildern in jedem Partnerland<\/li>\n<li>Dauer: 3 Tage<\/li>\n<li>Mitbetreuung der Gruppe durch 2 Ausbilder aus den jeweils anderen L\u00e4ndern (DE- ES \u2013 FR)<\/li>\n<\/ul>\n<h2>Ausbildung der Mitglieder der Pr\u00fcfungskommission<\/h2>\n<ul>\n<li>Das Training f\u00fcr die Mitglieder der Pr\u00fcfungskommission findet im Anschluss an die Ausbildung der Ausbilder statt<\/li>\n<li>Training einer Gruppe von 10 Mitgliedern der Pr\u00fcfungskommission in jedem Partnerland<\/li>\n<li>Dauer: 1 Tag<\/li>\n<li>Mitbetreuung der Gruppe durch 2 Ausbilder aus den jeweils anderen L\u00e4ndern<\/li>\n<\/ul>\n<h2>Ausbildung der Anwender<\/h2>\n<p>Jedes Land setzt zwei Schulungstermine f\u00fcr angehende Seilzugangstechniker an.<\/p>\n<ul>\n<li>Training von 2 Gruppen \u00e0 6 Personen in jedem Partnerland<\/li>\n<\/ul>\n<h2>Organisation der Pr\u00fcfung<\/h2>\n<p>Jedes Partnerland setzt folgende Termine an:<\/p>\n<ul>\n<li>2 Termine zur Validierung der neu geschaffenen Zertifizierung mit den ausgebildeten Gruppen \u00e0 6 Teilnehmer<\/li>\n<li>Einen Termin zur Validierung der neu geschaffenen Zertifizierung im Rahmen der Anerkennung von Berufserfahrung mit drei Seilzugangstechnikern<\/li>\n<\/ul>\n<h2>Europ\u00e4ische Zertifizierung<\/h2>\n<p>Implementierung der neuen harmonisierten Zertifizierung in die bestehenden nationalen Qualifikationssysteme.<\/p>\n<p><\/p>","protected":false},"excerpt":{"rendered":"<p>Referenzniveau f\u00fcr die T\u00e4tigkeiten und Kompetenzen von H\u00f6henarbeitern Entwickelt aus den Ergebnissen des Leonardo-Projekts TSC und nationalen Vorgaben. Es beinhaltet: Funktion: Summe aus T\u00e4tigkeiten zur Erreichung eines gemeinsamen Ziels T\u00e4tigkeit: Koh\u00e4rentes B\u00fcndel identifizierter und organisierter Einzelaufgaben Aufgabe: Grundeinheit der T\u00e4tigkeit &hellip; <a href=\"https:\/\/www.epcra.eu\/de\/les-travaux\/\">Continue reading <span class=\"meta-nav\">&rarr;<\/span><\/a><\/p>\n","protected":false},"author":2,"featured_media":0,"parent":0,"menu_order":0,"comment_status":"closed","ping_status":"closed","template":"","meta":{"footnotes":""},"class_list":["post-90","page","type-page","status-publish","hentry"],"_links":{"self":[{"href":"https:\/\/www.epcra.eu\/de\/wp-json\/wp\/v2\/pages\/90","targetHints":{"allow":["GET"]}}],"collection":[{"href":"https:\/\/www.epcra.eu\/de\/wp-json\/wp\/v2\/pages"}],"about":[{"href":"https:\/\/www.epcra.eu\/de\/wp-json\/wp\/v2\/types\/page"}],"author":[{"embeddable":true,"href":"https:\/\/www.epcra.eu\/de\/wp-json\/wp\/v2\/users\/2"}],"replies":[{"embeddable":true,"href":"https:\/\/www.epcra.eu\/de\/wp-json\/wp\/v2\/comments?post=90"}],"version-history":[{"count":5,"href":"https:\/\/www.epcra.eu\/de\/wp-json\/wp\/v2\/pages\/90\/revisions"}],"predecessor-version":[{"id":312,"href":"https:\/\/www.epcra.eu\/de\/wp-json\/wp\/v2\/pages\/90\/revisions\/312"}],"wp:attachment":[{"href":"https:\/\/www.epcra.eu\/de\/wp-json\/wp\/v2\/media?parent=90"}],"curies":[{"name":"wp","href":"https:\/\/api.w.org\/{rel}","templated":true}]}}