{"id":97,"date":"2014-02-06T17:57:11","date_gmt":"2014-02-06T16:57:11","guid":{"rendered":"http:\/\/www.epcra.eu\/?page_id=97"},"modified":"2015-05-29T18:48:15","modified_gmt":"2015-05-29T16:48:15","slug":"les-partenaires","status":"publish","type":"page","link":"https:\/\/www.epcra.eu\/de\/les-partenaires\/","title":{"rendered":"Partner"},"content":{"rendered":"<p><\/p>\n<p>Alle Mitglieder der Projektgruppe haben weitreichende Erfahrungen im Einsatz von seilunterst\u00fctzten Zugangsverfahren und\/oder der Ausbildung von Personal unter Ber\u00fccksichtigung der Vorgaben des Europ\u00e4ischen Qualifikationsrahmens.<\/p>\n<p><strong>Berufsverb\u00e4nde<\/strong><\/p>\n<p><a href=\"http:\/\/www.sfeth.com\" target=\"_blank\" rel=\"nofollow\"><img loading=\"lazy\" decoding=\"async\" class=\"alignleft\" alt=\"\" src=\"http:\/\/epcra.eu\/wp-content\/uploads\/partner\/logo-sfeth.jpg\" width=\"100\" height=\"100\" \/><\/a> <a href=\"http:\/\/www.anetva.org\/portada\/es\/\" target=\"_blank\" rel=\"nofollow\"><img loading=\"lazy\" decoding=\"async\" class=\"alignleft\" alt=\"\" src=\"http:\/\/epcra.eu\/wp-content\/uploads\/partner\/logo-anetva.png\" width=\"100\" height=\"100\" \/><\/a> <a href=\"http:\/\/www.fisat.de\/en\/fisat_news\/\" target=\"_blank\" rel=\"nofollow\"><img loading=\"lazy\" decoding=\"async\" class=\"alignleft\" alt=\"\" src=\"http:\/\/epcra.eu\/wp-content\/uploads\/partner\/logo-fisat.png\" width=\"100\" height=\"100\" \/><\/a> <a href=\"http:\/\/softsertifisering.no\/english\/rope-access\/\" target=\"_blank\" rel=\"nofollow\"><img loading=\"lazy\" decoding=\"async\" class=\"alignleft\" alt=\"\" src=\"http:\/\/epcra.eu\/wp-content\/uploads\/partner\/logo-soft.jpg\" width=\"100\" height=\"100\" \/><\/a><\/p>\n<div style=\"clear: both;\">\u00a0<\/div>\n<h3><strong>Die Ausbildungsorganisationen<\/strong><\/h3>\n<p><a href=\"http:\/\/www.greta-viva5.org\/\" target=\"_blank\" rel=\"nofollow\"><img decoding=\"async\" class=\"alignleft\" alt=\"\" src=\"http:\/\/epcra.eu\/wp-content\/uploads\/partner\/logo-greta-viva5.jpg\" \/><\/a> <a href=\"http:\/\/www.tindai.com\/\" target=\"_blank\" rel=\"nofollow\"><img decoding=\"async\" class=\"alignleft\" alt=\"\" src=\"http:\/\/epcra.eu\/wp-content\/uploads\/partner\/logo-tindai.jpg\" \/><\/a> <a href=\"http:\/\/www.seilpartner.com\/\" target=\"_blank\" rel=\"nofollow\"><img decoding=\"async\" class=\"alignleft\" alt=\"\" src=\"http:\/\/epcra.eu\/wp-content\/uploads\/partner\/logo-seilpartner.jpg\" \/><\/a><\/p>\n<p style=\"clear: both;\"><strong>Projektkoordinator<\/strong><\/p>\n<p><a href=\"http:\/\/www.ac-grenoble.fr\/\" target=\"_blank\"><img loading=\"lazy\" decoding=\"async\" class=\"alignleft size-full wp-image-202\" alt=\"logo-gip-fipag\" src=\"http:\/\/www.epcra.eu\/wp-content\/uploads\/2014\/02\/logo-gip-fipag.jpg\" width=\"100\" height=\"100\" \/><\/a><\/p>\n<div style=\"clear: both;\">\u00a0<\/div>\n<p><strong>External Auditor<\/strong><\/p>\n<p><img loading=\"lazy\" decoding=\"async\" class=\"alignleft size-full wp-image-200\" alt=\"logo-auditeur-bulgare\" src=\"http:\/\/www.epcra.eu\/wp-content\/uploads\/2014\/02\/logo-auditeur-bulgare.jpg\" width=\"100\" height=\"100\" \/><\/p>\n<p><b>CDI <\/b>(<b>C<\/b>entre pour le <b>D<\/b>\u00e9veloppement et l\u2019<b>I<\/b>nnovation)<b><br \/>CRVEP <\/b>(<b>C<\/b>entar za <b>R<\/b>azvitie i <b>V<\/b>nedrayavane na <b>E<\/b>urope\u00efski <b>P<\/b>raktiki)<\/p>\n<p>\u00a0<\/p>\n<p>\u00a0<\/p>\n<p><\/p>","protected":false},"excerpt":{"rendered":"<p>Alle Mitglieder der Projektgruppe haben weitreichende Erfahrungen im Einsatz von seilunterst\u00fctzten Zugangsverfahren und\/oder der Ausbildung von Personal unter Ber\u00fccksichtigung der Vorgaben des Europ\u00e4ischen Qualifikationsrahmens. Berufsverb\u00e4nde \u00a0 Die Ausbildungsorganisationen Projektkoordinator \u00a0 External Auditor CDI (Centre pour le D\u00e9veloppement et l\u2019Innovation)CRVEP (Centar &hellip; <a href=\"https:\/\/www.epcra.eu\/de\/les-partenaires\/\">Continue reading <span class=\"meta-nav\">&rarr;<\/span><\/a><\/p>\n","protected":false},"author":2,"featured_media":0,"parent":0,"menu_order":0,"comment_status":"closed","ping_status":"closed","template":"","meta":{"footnotes":""},"class_list":["post-97","page","type-page","status-publish","hentry"],"_links":{"self":[{"href":"https:\/\/www.epcra.eu\/de\/wp-json\/wp\/v2\/pages\/97","targetHints":{"allow":["GET"]}}],"collection":[{"href":"https:\/\/www.epcra.eu\/de\/wp-json\/wp\/v2\/pages"}],"about":[{"href":"https:\/\/www.epcra.eu\/de\/wp-json\/wp\/v2\/types\/page"}],"author":[{"embeddable":true,"href":"https:\/\/www.epcra.eu\/de\/wp-json\/wp\/v2\/users\/2"}],"replies":[{"embeddable":true,"href":"https:\/\/www.epcra.eu\/de\/wp-json\/wp\/v2\/comments?post=97"}],"version-history":[{"count":5,"href":"https:\/\/www.epcra.eu\/de\/wp-json\/wp\/v2\/pages\/97\/revisions"}],"predecessor-version":[{"id":163,"href":"https:\/\/www.epcra.eu\/de\/wp-json\/wp\/v2\/pages\/97\/revisions\/163"}],"wp:attachment":[{"href":"https:\/\/www.epcra.eu\/de\/wp-json\/wp\/v2\/media?parent=97"}],"curies":[{"name":"wp","href":"https:\/\/api.w.org\/{rel}","templated":true}]}}