{"id":158,"date":"2014-10-24T10:45:20","date_gmt":"2014-10-24T08:45:20","guid":{"rendered":"http:\/\/www.epcra.eu\/?page_id=158"},"modified":"2015-05-22T07:26:59","modified_gmt":"2015-05-22T05:26:59","slug":"project-history","status":"publish","type":"page","link":"https:\/\/www.epcra.eu\/es\/project-history\/","title":{"rendered":"Historia del Proyecto"},"content":{"rendered":"<p><\/p>\n<h2>Trabajador Vertical, una profesi\u00f3n vers\u00e1til.<\/h2>\n<p><strong>El t\u00e9cnico de trabajos verticales es trabajador \u00a0que realiza trabajos de dif\u00edcil acceso en altura sobre cuerdas.<\/strong><\/p>\n<p>La profesi\u00f3n de trabajador vertical se ha ido profesionalizando a lo largo de la historia. La evoluci\u00f3n del material y el aporte de las t\u00e9cnicas del alpinismo, la escalada y la espeleolog\u00eda han contribuido a reforzar la seguridad de las intervenciones con t\u00e9cnicas de trabajos verticales con el fin de response a las necesidades espec\u00edficas de los trabajos de dif\u00edcil acceso en altura.<\/p>\n<p>Hoy, el material y las t\u00e9cnicas han evolucionado considerablemente, y no tienen mucho que ver con la pr\u00e1ctica deportiva. Es m\u00e1s el campo de intervenci\u00f3n de los trabajos verticales se ha expandido a todos los sectores como por ejemplo en la obra p\u00fablica, construcci\u00f3n, mantenimiento industrial, eventos y limpiezas. Esta diversidad de actuaciones requiere de los t\u00e9cnicos de trabajos verticales y de las empresas que los contratan adaptar las habilidades de los oficios tradicionales al sistema de acceso por cuerda, lo que requiere una constante actualizaci\u00f3n de t\u00e9cnicas y de formaci\u00f3n.<\/p>\n<p>Los t\u00e9cnicos de trabajos verticales se han convertido en actores imprescindibles para la realizaci\u00f3n de determinados trabajos siendo\u00a0 el sector de los trabajos verticales generador de empleo y las empresas comprometidas con la formaci\u00f3n continua del personal de obra.<\/p>\n<p>Esta diversidad permite incrementar el \u00e1mbito competencial de los trabajadores, y mejorar las habilidades profesionales de su oficio, que pueden resultar necesarias para ciertos trabajos, de manera que podemos hablar de una doble competencia: Trabajador Vertical Soldador, Trabajador Vertical Alba\u00f1il, Trabajador Vertical instalador, etc.<\/p>\n<h2>HISTORIA DE LA FORMACI\u00d3N Y CERTIFICACI\u00d3N EN EUROPA<\/h2>\n<p>Desde 1980, los profesionales europeos de los trabajos verticales han creado formaciones adaptando, a los oficios de la construcci\u00f3n y de la obra p\u00fablica, las t\u00e9cnicas de acceso y posicionamiento mediante cuerdas en altura.<\/p>\n<p>Para garantizar la seguridad de los t\u00e9cnicos de trabajos verticales en las obras y anticipar la evoluci\u00f3n del marco normativo europeo, las organizaciones profesionales nacionales se estructuraron de manera independiente para:<\/p>\n<ul>\n<li>Describir y analizar la profesi\u00f3n de t\u00e9cnico de trabajos verticales dentro del \u00e1mbito profesional.<\/li>\n<li>Disminuir en t\u00e9rminos de objetivos las competencias ligadas al empleo de trabajadores verticales.<\/li>\n<li>Prever los puntos esenciales a integrar en un programa formativo.<\/li>\n<li>Elaborar los criterios y los indicadores para la evaluaci\u00f3n de la formaci\u00f3n.<\/li>\n<\/ul>\n<p>La culminaci\u00f3n de este enfoque es la creaci\u00f3n de los sistemas nacionales de cualificaciones.\u00a0<\/p>\n<p>La Directiva Europea 2001\/45 \/ CE reconoce formalmente la existencia de la profesi\u00f3n de trabajos verticales. Sin consulta \u00a0entre los diferentes pa\u00edses, las organizaciones profesionales del sector han redefinido su certificaci\u00f3n en 3 niveles, con la voluntad de tener\u00a0 en cuenta el desarrollo de la profesi\u00f3n de trabajador vertical y de facilitar la estructuraci\u00f3n de las intervenciones, dando prioridad a las competencias.<\/p>\n<p>El trabajo vertical es un oficio en auge en el que la seguridad es un componente importante. En 2010, varias organizaciones profesionales nacionales\u00a0 del sector vertical en europea se re\u00fanen para discutir sobre las buenas pr\u00e1cticas de organizaci\u00f3n del trabajo y de las \u00a0t\u00e9cnicas de cuerda. \u00a0La apertura de los mercados y las oportunidades de desarrollo dentro y fuera de la Uni\u00f3n Europea, les anima a pensar en crear \u00a0una plataforma com\u00fan para reflexionar sobre sus diferentes sistemas de cualificaciones y as\u00ed poder facilitar el reconocimiento mutuo de los niveles de cualificaci\u00f3n.<\/p>\n<p>Para defender la profesi\u00f3n y la especificidad \u00a0del os trabajos verticales en todos los sectores \u00a0de actuaci\u00f3n estas \u00a0organizaciones profesionales se unen crean en noviembre de 2012, el Comit\u00e9 ECRA Europea (Comit\u00e9 Europeo para los \u00a0trabajos verticales). Este comit\u00e9 est\u00e1 compuesto por SFETH y DPMC (Francia), \u00a0FISAT (Alemania),\u00a0 ANETVA (Espa\u00f1a) y Soft (Noruega).<\/p>\n<p>Posteriormente se contacta con otras organizaciones como \u00a0ASRETC Suisse Romande, Luxemburgo, Rumania y Bulgaria y fuera de Europa con el SPRAAT (EE.UU.), Nueva-Zelanda, Australia.<\/p>\n<p>Adem\u00e1s de la armonizaci\u00f3n de las t\u00e9cnicas, el Comit\u00e9 ECRA define los criterios de compromiso y trabajo conjunto expresado en 14 puntos, los principales son:<\/p>\n<ol>\n<li>Las asociaciones se comprometen a exigir el mayor grado de seguridad en \u00a0la ejecuci\u00f3n de las t\u00e9cnicas, y promover las mejoras tecnol\u00f3gicas, con el objetivo de garantizar el mayor nivel y la actualizaci\u00f3n de los conocimientos sobre trabajos verticales.<\/li>\n<li>La organizaci\u00f3n de la evaluaci\u00f3n de las competencias para acreditar las certificaciones profesionales debe ser independiente de la formaci\u00f3n.<\/li>\n<li>El rescate debe formar parte de todas las pruebas de certificaciones.<\/li>\n<li>Debe estar redactado un c\u00f3digo de buenas pr\u00e1cticas.<\/li>\n<li>Debe estar redactado un procedimiento de certificaci\u00f3n.<\/li>\n<li>Es obligatorio la realizaci\u00f3n de reciclajes de formaci\u00f3n.<\/li>\n<li>Las recomendaciones y normas europeas deben ser aplicadas.<\/li>\n<\/ol>\n<p>La certificaci\u00f3n europea viene a continuar los trabajos iniciados hace tres a\u00f1os, con el objetivo de legalizar las t\u00e9cnicas y del reconocimiento de esta profesi\u00f3n.<\/p>\n<p>Esta se construir\u00e1 a partir de la experiencia y las certificaciones de cada socio en su pa\u00eds.<\/p>\n<p><\/p>","protected":false},"excerpt":{"rendered":"<p>Trabajador Vertical, una profesi\u00f3n vers\u00e1til. El t\u00e9cnico de trabajos verticales es trabajador \u00a0que realiza trabajos de dif\u00edcil acceso en altura sobre cuerdas. La profesi\u00f3n de trabajador vertical se ha ido profesionalizando a lo largo de la historia. La evoluci\u00f3n del &hellip; <a href=\"https:\/\/www.epcra.eu\/es\/project-history\/\">Continue reading <span class=\"meta-nav\">&rarr;<\/span><\/a><\/p>\n","protected":false},"author":2,"featured_media":0,"parent":0,"menu_order":0,"comment_status":"closed","ping_status":"closed","template":"","meta":{"footnotes":""},"class_list":["post-158","page","type-page","status-publish","hentry"],"_links":{"self":[{"href":"https:\/\/www.epcra.eu\/es\/wp-json\/wp\/v2\/pages\/158","targetHints":{"allow":["GET"]}}],"collection":[{"href":"https:\/\/www.epcra.eu\/es\/wp-json\/wp\/v2\/pages"}],"about":[{"href":"https:\/\/www.epcra.eu\/es\/wp-json\/wp\/v2\/types\/page"}],"author":[{"embeddable":true,"href":"https:\/\/www.epcra.eu\/es\/wp-json\/wp\/v2\/users\/2"}],"replies":[{"embeddable":true,"href":"https:\/\/www.epcra.eu\/es\/wp-json\/wp\/v2\/comments?post=158"}],"version-history":[{"count":5,"href":"https:\/\/www.epcra.eu\/es\/wp-json\/wp\/v2\/pages\/158\/revisions"}],"predecessor-version":[{"id":308,"href":"https:\/\/www.epcra.eu\/es\/wp-json\/wp\/v2\/pages\/158\/revisions\/308"}],"wp:attachment":[{"href":"https:\/\/www.epcra.eu\/es\/wp-json\/wp\/v2\/media?parent=158"}],"curies":[{"name":"wp","href":"https:\/\/api.w.org\/{rel}","templated":true}]}}