{"id":2,"date":"2012-02-13T17:16:22","date_gmt":"2012-02-13T17:16:22","guid":{"rendered":"http:\/\/www.epcra.eu\/?page_id=2"},"modified":"2015-05-29T06:43:49","modified_gmt":"2015-05-29T04:43:49","slug":"accueil","status":"publish","type":"page","link":"https:\/\/www.epcra.eu\/es\/","title":{"rendered":"Inicio"},"content":{"rendered":"<p><\/p>\n<h2>Programa para la educaci\u00f3n y la formaci\u00f3n a lo largo de la vida<\/h2>\n<h3>CERTIFICACION PROFESIONAL \u00a0EUROPEA EN TRABAJOS VERTICALES<\/h3>\n<p>La creaci\u00f3n de un referente\u00a0 com\u00fan de certificaci\u00f3n europea para los t\u00e9cnicos de trabajos verticales, es la continuidad del trabajo comenzado en 2010, por cuatro organizaciones profesionales, Anetva en Espa\u00f1a, Fisat en Alemania, Sfeth en Francia y Soft en Noruega.<\/p>\n<p>Los participantes en este proyecto representan a m\u00e1s de 15.000 t\u00e9cnicos de trabajos verticales que trabajan en diferentes sectores como la obra p\u00fablica, construcci\u00f3n, industria, offshore, energ\u00eda, telecomunicaciones, eventos y limpieza.<\/p>\n<p>Estas organizaciones profesionales se apoyan sobre la pedagog\u00eda y la experiencia de tres organismos de formaci\u00f3n: Tindai en Espa\u00f1a,\u00a0 Seilpartner\u00a0 en Alemania y \u00a0Viva 5 Greta en Francia.<\/p>\n<p>La coordinaci\u00f3n general del proyecto est\u00e1 asegurada por el GIP FIFAG de \u00a0Francia. La evaluaci\u00f3n de la conformidad del programa se lleva a cabo por el auditor externo CDI de Bulgaria.<\/p>\n<p>Francia, Espa\u00f1a, Alemania, Noruega y Bulgaria, constituyen el consorcio de nueve organizaciones para armonizar las competencias de los t\u00e9cnicos de trabajos verticales apoy\u00e1ndose sobre la experiencia y los sistemas nacionales de cualificaci\u00f3n que est\u00e1n vigentes en los pa\u00edses participantes en el proyecto.<\/p>\n<p>El objetivo principal es la promoci\u00f3n de las competencias de una cualificaci\u00f3n personal europea y el establecimiento de normas internacionales para mejorar la compresi\u00f3n de las pr\u00e1cticas.<\/p>\n<p>Una cualificaci\u00f3n profesional \u00fanica contribuir\u00e1 tambi\u00e9n al acercamiento de los sistemas de formaci\u00f3n profesional y a la armonizaci\u00f3n de los sistemas de certificaci\u00f3n adaptados al empleo en cada pa\u00eds.<\/p>\n<p><\/p>","protected":false},"excerpt":{"rendered":"<p>Programa para la educaci\u00f3n y la formaci\u00f3n a lo largo de la vida CERTIFICACION PROFESIONAL \u00a0EUROPEA EN TRABAJOS VERTICALES La creaci\u00f3n de un referente\u00a0 com\u00fan de certificaci\u00f3n europea para los t\u00e9cnicos de trabajos verticales, es la continuidad del trabajo comenzado &hellip; <a href=\"https:\/\/www.epcra.eu\/es\/\">Continue reading <span class=\"meta-nav\">&rarr;<\/span><\/a><\/p>\n","protected":false},"author":2,"featured_media":0,"parent":0,"menu_order":1,"comment_status":"closed","ping_status":"closed","template":"","meta":{"footnotes":""},"class_list":["post-2","page","type-page","status-publish","hentry"],"_links":{"self":[{"href":"https:\/\/www.epcra.eu\/es\/wp-json\/wp\/v2\/pages\/2","targetHints":{"allow":["GET"]}}],"collection":[{"href":"https:\/\/www.epcra.eu\/es\/wp-json\/wp\/v2\/pages"}],"about":[{"href":"https:\/\/www.epcra.eu\/es\/wp-json\/wp\/v2\/types\/page"}],"author":[{"embeddable":true,"href":"https:\/\/www.epcra.eu\/es\/wp-json\/wp\/v2\/users\/2"}],"replies":[{"embeddable":true,"href":"https:\/\/www.epcra.eu\/es\/wp-json\/wp\/v2\/comments?post=2"}],"version-history":[{"count":5,"href":"https:\/\/www.epcra.eu\/es\/wp-json\/wp\/v2\/pages\/2\/revisions"}],"predecessor-version":[{"id":330,"href":"https:\/\/www.epcra.eu\/es\/wp-json\/wp\/v2\/pages\/2\/revisions\/330"}],"wp:attachment":[{"href":"https:\/\/www.epcra.eu\/es\/wp-json\/wp\/v2\/media?parent=2"}],"curies":[{"name":"wp","href":"https:\/\/api.w.org\/{rel}","templated":true}]}}