{"id":7,"date":"2012-02-13T18:01:02","date_gmt":"2012-02-13T18:01:02","guid":{"rendered":"http:\/\/www.epcra.eu\/?page_id=7"},"modified":"2015-04-28T07:52:09","modified_gmt":"2015-04-28T05:52:09","slug":"plan-du-site","status":"publish","type":"page","link":"https:\/\/www.epcra.eu\/es\/plan-du-site\/","title":{"rendered":"Mapa del sitio"},"content":{"rendered":"<p><\/p>\n<p>En esta p\u00e1gina se informa del mapa de la web de EPCRA. Puede ver a continuaci\u00f3n, la lista de todas las p\u00e1ginas del sitio para poder navegar de manera eficaz.<\/p>\n<h2>P\u00e1ginas internas<\/h2>\n<p>[pagelist]<\/p>\n<p><\/p>","protected":false},"excerpt":{"rendered":"<p>En esta p\u00e1gina se informa del mapa de la web de EPCRA. Puede ver a continuaci\u00f3n, la lista de todas las p\u00e1ginas del sitio para poder navegar de manera eficaz. P\u00e1ginas internas [pagelist]<\/p>\n","protected":false},"author":2,"featured_media":0,"parent":0,"menu_order":999,"comment_status":"closed","ping_status":"closed","template":"","meta":{"footnotes":""},"class_list":["post-7","page","type-page","status-publish","hentry"],"_links":{"self":[{"href":"https:\/\/www.epcra.eu\/es\/wp-json\/wp\/v2\/pages\/7","targetHints":{"allow":["GET"]}}],"collection":[{"href":"https:\/\/www.epcra.eu\/es\/wp-json\/wp\/v2\/pages"}],"about":[{"href":"https:\/\/www.epcra.eu\/es\/wp-json\/wp\/v2\/types\/page"}],"author":[{"embeddable":true,"href":"https:\/\/www.epcra.eu\/es\/wp-json\/wp\/v2\/users\/2"}],"replies":[{"embeddable":true,"href":"https:\/\/www.epcra.eu\/es\/wp-json\/wp\/v2\/comments?post=7"}],"version-history":[{"count":6,"href":"https:\/\/www.epcra.eu\/es\/wp-json\/wp\/v2\/pages\/7\/revisions"}],"predecessor-version":[{"id":282,"href":"https:\/\/www.epcra.eu\/es\/wp-json\/wp\/v2\/pages\/7\/revisions\/282"}],"wp:attachment":[{"href":"https:\/\/www.epcra.eu\/es\/wp-json\/wp\/v2\/media?parent=7"}],"curies":[{"name":"wp","href":"https:\/\/api.w.org\/{rel}","templated":true}]}}