{"id":88,"date":"2014-02-06T17:52:19","date_gmt":"2014-02-06T16:52:19","guid":{"rendered":"http:\/\/www.epcra.eu\/?page_id=88"},"modified":"2015-05-22T07:25:10","modified_gmt":"2015-05-22T05:25:10","slug":"le-projet","status":"publish","type":"page","link":"https:\/\/www.epcra.eu\/es\/le-projet\/","title":{"rendered":"El proyecto"},"content":{"rendered":"<p><\/p>\n<h2>Descripci\u00f3n del Proyecto<\/h2>\n<p>El t\u00e9cnico de trabajos verticales es profesional\u00a0 que realiza trabajos de dif\u00edcil acceso en altura sobre cuerdas.\u00a0 La profesi\u00f3n de trabajador vertical se ha ido profesionalizando a lo largo de su historia y es hoy una profesi\u00f3n en plena expansi\u00f3n, donde la seguridad es el componente principal. El \u00e1mbito de intervenci\u00f3n de un trabajador vertical se extiende a diferentes sectores como los trabajos en obra p\u00fablica, construcci\u00f3n, industria, energ\u00eda, telecomunicaciones, eventos y limpiezas, etc.<br \/>La actividad de los trabajos verticales es creadora de empleo, adem\u00e1s las organizaciones profesionales y las empresas especializadas est\u00e1n fuertemente comprometidas en la formaci\u00f3n continua del personal desde hace varios a\u00f1os. <br \/>A partir de la experiencia de estos cuatro pa\u00edses europeos, el resultado final es la creaci\u00f3n de una \u00abcertificaci\u00f3n europea\u00bb adaptada a la profesi\u00f3n del t\u00e9cnico de trabajos verticales y en conformidad con el Cuadro Europeo de Certificaciones. <br \/>Esta nueva cualificaci\u00f3n contribuir\u00e1 a la mejora y a la armonizaci\u00f3n de las competencias de los t\u00e9cnicos de trabajos verticales y se extender\u00e1 a todos aquellos\u00a0 pa\u00edses que deseen formar parte de este proceso.<\/p>\n<h2>Objetivos del proyecto<\/h2>\n<ul>\n<li>Construcci\u00f3n y creaci\u00f3n de una cualificaci\u00f3n europea en trabajos verticales para armonizar las competencias de los t\u00e9cnicos de trabajos verticales en Europa.<\/li>\n<li>Construcci\u00f3n de esta cualificaci\u00f3n a partir de la experiencia y las certificaciones existentes en los pa\u00edses participantes.<\/li>\n<li>Aportar valor a los diferentes sistemas nacionales poni\u00e9ndolos en consonancia con el Marco Europeo de Cualificaciones.<\/li>\n<li>Posicionamiento de la cualificaci\u00f3n en uno de los 8 niveles del Cuadro Europeo de Cualificaciones Profesionales.<\/li>\n<li>La asignaci\u00f3n de un n\u00famero de cr\u00e9ditos ECVET de acuerdo con las recomendaciones europeas.<\/li>\n<\/ul>\n<h2>Metodolog\u00eda<\/h2>\n<ul>\n<li>El proyecto se estructura en tres etapas principales.<\/li>\n<li>La creaci\u00f3n de las herramientas \/documentos: referencia de actividades y programas de formaci\u00f3n.<\/li>\n<li>Experimentaci\u00f3n: formaci\u00f3n y el jurado de la certificaci\u00f3n.<\/li>\n<li>Difusi\u00f3n y valoraci\u00f3n de resultados.<\/li>\n<\/ul>\n<h2>Producciones del proyecto<\/h2>\n<ul>\n<li>Una referencia de actividades y competencias del t\u00e9cnico de trabajos verticales.<\/li>\n<li>Una referencia de certificaci\u00f3n.<\/li>\n<li>Un programa de formaci\u00f3n modular el t\u00e9cnico de trabajos verticales.<\/li>\n<li>Un programa de formaci\u00f3n de formadores.<\/li>\n<li>Un programa de capacitaci\u00f3n para los miembros del jurado evaluador de la cualificaci\u00f3n.<\/li>\n<li>Los documentos en 4 idiomas: FR, ES, DE, EN<\/li>\n<li>Los documentos finales y la s\u00edntesis de la producci\u00f3n est\u00e1n escritos por SFETH y GRETA VIVA<\/li>\n<\/ul>\n<h2>Resultados previstos<\/h2>\n<ul>\n<li>Formaci\u00f3n de formadores.<\/li>\n<li>Formaci\u00f3n de los miembros del jurado de la certificaci\u00f3n.<\/li>\n<li>Formaci\u00f3n de t\u00e9cnicos de trabajos verticales.<\/li>\n<li>La puesta en aplicaci\u00f3n del jurado de la certificaci\u00f3n.<\/li>\n<\/ul>\n<h2>Grupos de trabajo<\/h2>\n<p>Son tres los grupos de trabajo creados:<\/p>\n<ul>\n<li>Los Comit\u00e9s de direcci\u00f3n.<\/li>\n<li>Los grupos de trabajos transnacionales.<\/li>\n<li>Los grupos nacionales de apoyo.<\/li>\n<\/ul>\n<h3>Comit\u00e9 de direcci\u00f3n<\/h3>\n<p>El copil lo componen todos los participantes en el proyecto.<br \/>Se reunir\u00e1 5 veces.<br \/>Tiene el papel de \u00abComit\u00e9 pol\u00edtico y de decisi\u00f3n\u201d: Asume el control y la\u00a0 validaci\u00f3n del plan de trabajo y de los resultados, adem\u00e1s de arbitrar en los posibles conflictos y redefinir las actividades.<\/p>\n<h3>Grupos de trabajo transnacionales<\/h3>\n<p>Grupos transnacionales de trabajo: Se reunir\u00e1 5 veces.<br \/>El papel de este grupo es impulso y puesta en com\u00fan de los trabajos realizados.<\/p>\n<h3>Grupo nacional de apoyo<\/h3>\n<p>Este grupo est\u00e1 formado por los socios y asociados de cada pa\u00eds participantes, los cuales son seleccionados en funci\u00f3n de diferentes tem\u00e1ticas:<\/p>\n<ul>\n<li>1\/3 formadores.<\/li>\n<li>1\/3 profesionales.<\/li>\n<li>1\/3 Instituciones.<\/li>\n<\/ul>\n<p class=\"MsoNormal\" style=\"text-align: justify;\">Este grupo coordina el trabajo en cada pa\u00eds.<\/p>\n<p><!--[if gte mso 9]><xml><br \/>\n <w:LatentStyles DefLockedState=\"false\" DefUnhideWhenUsed=\"true\"<br \/>\n  DefSemiHidden=\"true\" DefQFormat=\"false\" DefPriority=\"99\"<br \/>\n  LatentStyleCount=\"267\"><br \/>\n  <w:LsdException Locked=\"false\" Priority=\"0\" SemiHidden=\"false\"<br \/>\n   UnhideWhenUsed=\"false\" QFormat=\"true\" Name=\"Normal\"\/><br \/>\n  <w:LsdException Locked=\"false\" Priority=\"9\" SemiHidden=\"false\"<br \/>\n   UnhideWhenUsed=\"false\" QFormat=\"true\" Name=\"heading 1\"\/><br \/>\n  <w:LsdException Locked=\"false\" Priority=\"9\" QFormat=\"true\" Name=\"heading 2\"\/><br \/>\n  <w:LsdException Locked=\"false\" Priority=\"9\" QFormat=\"true\" Name=\"heading 3\"\/><br \/>\n  <w:LsdException Locked=\"false\" Priority=\"9\" QFormat=\"true\" Name=\"heading 4\"\/><br \/>\n  <w:LsdException Locked=\"false\" Priority=\"9\" QFormat=\"true\" Name=\"heading 5\"\/><br \/>\n  <w:LsdException Locked=\"false\" Priority=\"9\" QFormat=\"true\" Name=\"heading 6\"\/><br \/>\n  <w:LsdException Locked=\"false\" Priority=\"9\" QFormat=\"true\" Name=\"heading 7\"\/><br \/>\n  <w:LsdException Locked=\"false\" Priority=\"9\" QFormat=\"true\" Name=\"heading 8\"\/><br \/>\n  <w:LsdException Locked=\"false\" Priority=\"9\" QFormat=\"true\" Name=\"heading 9\"\/><br \/>\n  <w:LsdException Locked=\"false\" Priority=\"39\" Name=\"toc 1\"\/><br \/>\n  <w:LsdException Locked=\"false\" Priority=\"39\" Name=\"toc 2\"\/><br \/>\n  <w:LsdException Locked=\"false\" Priority=\"39\" Name=\"toc 3\"\/><br \/>\n  <w:LsdException Locked=\"false\" Priority=\"39\" Name=\"toc 4\"\/><br \/>\n  <w:LsdException Locked=\"false\" Priority=\"39\" Name=\"toc 5\"\/><br \/>\n  <w:LsdException Locked=\"false\" Priority=\"39\" Name=\"toc 6\"\/><br \/>\n  <w:LsdException Locked=\"false\" Priority=\"39\" Name=\"toc 7\"\/><br \/>\n  <w:LsdException Locked=\"false\" Priority=\"39\" Name=\"toc 8\"\/><br \/>\n  <w:LsdException Locked=\"false\" Priority=\"39\" Name=\"toc 9\"\/><br \/>\n  <w:LsdException Locked=\"false\" Priority=\"35\" QFormat=\"true\" Name=\"caption\"\/><br \/>\n  <w:LsdException Locked=\"false\" Priority=\"10\" SemiHidden=\"false\"<br \/>\n   UnhideWhenUsed=\"false\" QFormat=\"true\" Name=\"Title\"\/><br \/>\n  <w:LsdException Locked=\"false\" Priority=\"1\" Name=\"Default Paragraph Font\"\/><br \/>\n  <w:LsdException Locked=\"false\" Priority=\"11\" SemiHidden=\"false\"<br \/>\n   UnhideWhenUsed=\"false\" QFormat=\"true\" Name=\"Subtitle\"\/><br \/>\n  <w:LsdException Locked=\"false\" Priority=\"22\" SemiHidden=\"false\"<br \/>\n   UnhideWhenUsed=\"false\" QFormat=\"true\" Name=\"Strong\"\/><br \/>\n  <w:LsdException Locked=\"false\" Priority=\"20\" SemiHidden=\"false\"<br \/>\n   UnhideWhenUsed=\"false\" QFormat=\"true\" Name=\"Emphasis\"\/><br \/>\n  <w:LsdException Locked=\"false\" Priority=\"59\" SemiHidden=\"false\"<br \/>\n   UnhideWhenUsed=\"false\" Name=\"Table Grid\"\/><br \/>\n  <w:LsdException Locked=\"false\" UnhideWhenUsed=\"false\" Name=\"Placeholder Text\"\/><br \/>\n  <w:LsdException Locked=\"false\" Priority=\"1\" SemiHidden=\"false\"<br \/>\n   UnhideWhenUsed=\"false\" QFormat=\"true\" Name=\"No Spacing\"\/><br \/>\n  <w:LsdException Locked=\"false\" Priority=\"60\" SemiHidden=\"false\"<br \/>\n   UnhideWhenUsed=\"false\" Name=\"Light Shading\"\/><br \/>\n  <w:LsdException Locked=\"false\" Priority=\"61\" SemiHidden=\"false\"<br \/>\n   UnhideWhenUsed=\"false\" Name=\"Light List\"\/><br \/>\n  <w:LsdException Locked=\"false\" Priority=\"62\" SemiHidden=\"false\"<br \/>\n   UnhideWhenUsed=\"false\" Name=\"Light Grid\"\/><br \/>\n  <w:LsdException Locked=\"false\" Priority=\"63\" SemiHidden=\"false\"<br \/>\n   UnhideWhenUsed=\"false\" Name=\"Medium Shading 1\"\/><br \/>\n  <w:LsdException Locked=\"false\" Priority=\"64\" SemiHidden=\"false\"<br \/>\n   UnhideWhenUsed=\"false\" Name=\"Medium Shading 2\"\/><br \/>\n  <w:LsdException Locked=\"false\" Priority=\"65\" SemiHidden=\"false\"<br \/>\n   UnhideWhenUsed=\"false\" Name=\"Medium List 1\"\/><br \/>\n  <w:LsdException Locked=\"false\" Priority=\"66\" SemiHidden=\"false\"<br \/>\n   UnhideWhenUsed=\"false\" Name=\"Medium List 2\"\/><br \/>\n  <w:LsdException Locked=\"false\" Priority=\"67\" SemiHidden=\"false\"<br \/>\n   UnhideWhenUsed=\"false\" Name=\"Medium Grid 1\"\/><br \/>\n  <w:LsdException Locked=\"false\" Priority=\"68\" SemiHidden=\"false\"<br \/>\n   UnhideWhenUsed=\"false\" Name=\"Medium Grid 2\"\/><br \/>\n  <w:LsdException Locked=\"false\" Priority=\"69\" SemiHidden=\"false\"<br \/>\n   UnhideWhenUsed=\"false\" Name=\"Medium Grid 3\"\/><br \/>\n  <w:LsdException Locked=\"false\" Priority=\"70\" SemiHidden=\"false\"<br \/>\n   UnhideWhenUsed=\"false\" Name=\"Dark List\"\/><br \/>\n  <w:LsdException Locked=\"false\" Priority=\"71\" SemiHidden=\"false\"<br \/>\n   UnhideWhenUsed=\"false\" Name=\"Colorful Shading\"\/><br \/>\n  <w:LsdException Locked=\"false\" Priority=\"72\" SemiHidden=\"false\"<br \/>\n   UnhideWhenUsed=\"false\" Name=\"Colorful List\"\/><br \/>\n  <w:LsdException Locked=\"false\" Priority=\"73\" SemiHidden=\"false\"<br \/>\n   UnhideWhenUsed=\"false\" Name=\"Colorful Grid\"\/><br \/>\n  <w:LsdException Locked=\"false\" Priority=\"60\" SemiHidden=\"false\"<br \/>\n   UnhideWhenUsed=\"false\" Name=\"Light Shading Accent 1\"\/><br \/>\n  <w:LsdException Locked=\"false\" Priority=\"61\" SemiHidden=\"false\"<br \/>\n   UnhideWhenUsed=\"false\" Name=\"Light List Accent 1\"\/><br \/>\n  <w:LsdException Locked=\"false\" Priority=\"62\" SemiHidden=\"false\"<br \/>\n   UnhideWhenUsed=\"false\" Name=\"Light Grid Accent 1\"\/><br \/>\n  <w:LsdException Locked=\"false\" Priority=\"63\" SemiHidden=\"false\"<br \/>\n   UnhideWhenUsed=\"false\" Name=\"Medium Shading 1 Accent 1\"\/><br \/>\n  <w:LsdException Locked=\"false\" Priority=\"64\" SemiHidden=\"false\"<br \/>\n   UnhideWhenUsed=\"false\" Name=\"Medium Shading 2 Accent 1\"\/><br \/>\n  <w:LsdException Locked=\"false\" Priority=\"65\" SemiHidden=\"false\"<br \/>\n   UnhideWhenUsed=\"false\" Name=\"Medium List 1 Accent 1\"\/><br \/>\n  <w:LsdException Locked=\"false\" UnhideWhenUsed=\"false\" Name=\"Revision\"\/><br \/>\n  <w:LsdException Locked=\"false\" Priority=\"34\" SemiHidden=\"false\"<br \/>\n   UnhideWhenUsed=\"false\" QFormat=\"true\" Name=\"List Paragraph\"\/><br \/>\n  <w:LsdException Locked=\"false\" Priority=\"29\" SemiHidden=\"false\"<br \/>\n   UnhideWhenUsed=\"false\" QFormat=\"true\" Name=\"Quote\"\/><br \/>\n  <w:LsdException Locked=\"false\" Priority=\"30\" SemiHidden=\"false\"<br \/>\n   UnhideWhenUsed=\"false\" QFormat=\"true\" Name=\"Intense Quote\"\/><br \/>\n  <w:LsdException Locked=\"false\" Priority=\"66\" SemiHidden=\"false\"<br \/>\n   UnhideWhenUsed=\"false\" Name=\"Medium List 2 Accent 1\"\/><br \/>\n  <w:LsdException Locked=\"false\" Priority=\"67\" SemiHidden=\"false\"<br \/>\n   UnhideWhenUsed=\"false\" Name=\"Medium Grid 1 Accent 1\"\/><br \/>\n  <w:LsdException Locked=\"false\" Priority=\"68\" SemiHidden=\"false\"<br \/>\n   UnhideWhenUsed=\"false\" Name=\"Medium Grid 2 Accent 1\"\/><br \/>\n  <w:LsdException Locked=\"false\" Priority=\"69\" SemiHidden=\"false\"<br \/>\n   UnhideWhenUsed=\"false\" Name=\"Medium Grid 3 Accent 1\"\/><br \/>\n  <w:LsdException Locked=\"false\" Priority=\"70\" SemiHidden=\"false\"<br \/>\n   UnhideWhenUsed=\"false\" Name=\"Dark List Accent 1\"\/><br \/>\n  <w:LsdException Locked=\"false\" Priority=\"71\" SemiHidden=\"false\"<br \/>\n   UnhideWhenUsed=\"false\" Name=\"Colorful Shading Accent 1\"\/><br \/>\n  <w:LsdException Locked=\"false\" Priority=\"72\" SemiHidden=\"false\"<br \/>\n   UnhideWhenUsed=\"false\" Name=\"Colorful List Accent 1\"\/><br \/>\n  <w:LsdException Locked=\"false\" Priority=\"73\" SemiHidden=\"false\"<br \/>\n   UnhideWhenUsed=\"false\" Name=\"Colorful Grid Accent 1\"\/><br \/>\n  <w:LsdException Locked=\"false\" Priority=\"60\" SemiHidden=\"false\"<br \/>\n   UnhideWhenUsed=\"false\" Name=\"Light Shading Accent 2\"\/><br \/>\n  <w:LsdException Locked=\"false\" Priority=\"61\" SemiHidden=\"false\"<br \/>\n   UnhideWhenUsed=\"false\" Name=\"Light List Accent 2\"\/><br \/>\n  <w:LsdException Locked=\"false\" Priority=\"62\" SemiHidden=\"false\"<br \/>\n   UnhideWhenUsed=\"false\" Name=\"Light Grid Accent 2\"\/><br \/>\n  <w:LsdException Locked=\"false\" Priority=\"63\" SemiHidden=\"false\"<br \/>\n   UnhideWhenUsed=\"false\" Name=\"Medium Shading 1 Accent 2\"\/><br \/>\n  <w:LsdException Locked=\"false\" Priority=\"64\" SemiHidden=\"false\"<br \/>\n   UnhideWhenUsed=\"false\" Name=\"Medium Shading 2 Accent 2\"\/><br \/>\n  <w:LsdException Locked=\"false\" Priority=\"65\" SemiHidden=\"false\"<br \/>\n   UnhideWhenUsed=\"false\" Name=\"Medium List 1 Accent 2\"\/><br \/>\n  <w:LsdException Locked=\"false\" Priority=\"66\" SemiHidden=\"false\"<br \/>\n   UnhideWhenUsed=\"false\" Name=\"Medium List 2 Accent 2\"\/><br \/>\n  <w:LsdException Locked=\"false\" Priority=\"67\" SemiHidden=\"false\"<br \/>\n   UnhideWhenUsed=\"false\" Name=\"Medium Grid 1 Accent 2\"\/><br \/>\n  <w:LsdException Locked=\"false\" Priority=\"68\" SemiHidden=\"false\"<br \/>\n   UnhideWhenUsed=\"false\" Name=\"Medium Grid 2 Accent 2\"\/><br \/>\n  <w:LsdException Locked=\"false\" Priority=\"69\" SemiHidden=\"false\"<br \/>\n   UnhideWhenUsed=\"false\" Name=\"Medium Grid 3 Accent 2\"\/><br \/>\n  <w:LsdException Locked=\"false\" Priority=\"70\" SemiHidden=\"false\"<br \/>\n   UnhideWhenUsed=\"false\" Name=\"Dark List Accent 2\"\/><br \/>\n  <w:LsdException Locked=\"false\" Priority=\"71\" SemiHidden=\"false\"<br \/>\n   UnhideWhenUsed=\"false\" Name=\"Colorful Shading Accent 2\"\/><br \/>\n  <w:LsdException Locked=\"false\" Priority=\"72\" SemiHidden=\"false\"<br \/>\n   UnhideWhenUsed=\"false\" Name=\"Colorful List Accent 2\"\/><br \/>\n  <w:LsdException Locked=\"false\" Priority=\"73\" SemiHidden=\"false\"<br \/>\n   UnhideWhenUsed=\"false\" Name=\"Colorful Grid Accent 2\"\/><br \/>\n  <w:LsdException Locked=\"false\" Priority=\"60\" SemiHidden=\"false\"<br \/>\n   UnhideWhenUsed=\"false\" Name=\"Light Shading Accent 3\"\/><br \/>\n  <w:LsdException Locked=\"false\" Priority=\"61\" SemiHidden=\"false\"<br \/>\n   UnhideWhenUsed=\"false\" Name=\"Light List Accent 3\"\/><br \/>\n  <w:LsdException Locked=\"false\" Priority=\"62\" SemiHidden=\"false\"<br \/>\n   UnhideWhenUsed=\"false\" Name=\"Light Grid Accent 3\"\/><br \/>\n  <w:LsdException Locked=\"false\" Priority=\"63\" SemiHidden=\"false\"<br \/>\n   UnhideWhenUsed=\"false\" Name=\"Medium Shading 1 Accent 3\"\/><br \/>\n  <w:LsdException Locked=\"false\" Priority=\"64\" SemiHidden=\"false\"<br \/>\n   UnhideWhenUsed=\"false\" Name=\"Medium Shading 2 Accent 3\"\/><br \/>\n  <w:LsdException Locked=\"false\" Priority=\"65\" SemiHidden=\"false\"<br \/>\n   UnhideWhenUsed=\"false\" Name=\"Medium List 1 Accent 3\"\/><br \/>\n  <w:LsdException Locked=\"false\" Priority=\"66\" SemiHidden=\"false\"<br \/>\n   UnhideWhenUsed=\"false\" Name=\"Medium List 2 Accent 3\"\/><br \/>\n  <w:LsdException Locked=\"false\" Priority=\"67\" SemiHidden=\"false\"<br \/>\n   UnhideWhenUsed=\"false\" Name=\"Medium Grid 1 Accent 3\"\/><br \/>\n  <w:LsdException Locked=\"false\" Priority=\"68\" SemiHidden=\"false\"<br \/>\n   UnhideWhenUsed=\"false\" Name=\"Medium Grid 2 Accent 3\"\/><br \/>\n  <w:LsdException Locked=\"false\" Priority=\"69\" SemiHidden=\"false\"<br \/>\n   UnhideWhenUsed=\"false\" Name=\"Medium Grid 3 Accent 3\"\/><br \/>\n  <w:LsdException Locked=\"false\" Priority=\"70\" SemiHidden=\"false\"<br \/>\n   UnhideWhenUsed=\"false\" Name=\"Dark List Accent 3\"\/><br \/>\n  <w:LsdException Locked=\"false\" Priority=\"71\" SemiHidden=\"false\"<br \/>\n   UnhideWhenUsed=\"false\" Name=\"Colorful Shading Accent 3\"\/><br \/>\n  <w:LsdException Locked=\"false\" Priority=\"72\" SemiHidden=\"false\"<br \/>\n   UnhideWhenUsed=\"false\" Name=\"Colorful List Accent 3\"\/><br \/>\n  <w:LsdException Locked=\"false\" Priority=\"73\" SemiHidden=\"false\"<br \/>\n   UnhideWhenUsed=\"false\" Name=\"Colorful Grid Accent 3\"\/><br \/>\n  <w:LsdException Locked=\"false\" Priority=\"60\" SemiHidden=\"false\"<br \/>\n   UnhideWhenUsed=\"false\" Name=\"Light Shading Accent 4\"\/><br \/>\n  <w:LsdException Locked=\"false\" Priority=\"61\" SemiHidden=\"false\"<br \/>\n   UnhideWhenUsed=\"false\" Name=\"Light List Accent 4\"\/><br \/>\n  <w:LsdException Locked=\"false\" Priority=\"62\" SemiHidden=\"false\"<br \/>\n   UnhideWhenUsed=\"false\" Name=\"Light Grid Accent 4\"\/><br \/>\n  <w:LsdException Locked=\"false\" Priority=\"63\" SemiHidden=\"false\"<br \/>\n   UnhideWhenUsed=\"false\" Name=\"Medium Shading 1 Accent 4\"\/><br \/>\n  <w:LsdException Locked=\"false\" Priority=\"64\" SemiHidden=\"false\"<br \/>\n   UnhideWhenUsed=\"false\" Name=\"Medium Shading 2 Accent 4\"\/><br \/>\n  <w:LsdException Locked=\"false\" Priority=\"65\" SemiHidden=\"false\"<br \/>\n   UnhideWhenUsed=\"false\" Name=\"Medium List 1 Accent 4\"\/><br \/>\n  <w:LsdException Locked=\"false\" Priority=\"66\" SemiHidden=\"false\"<br \/>\n   UnhideWhenUsed=\"false\" Name=\"Medium List 2 Accent 4\"\/><br \/>\n  <w:LsdException Locked=\"false\" Priority=\"67\" SemiHidden=\"false\"<br \/>\n   UnhideWhenUsed=\"false\" Name=\"Medium Grid 1 Accent 4\"\/><br \/>\n  <w:LsdException Locked=\"false\" Priority=\"68\" SemiHidden=\"false\"<br \/>\n   UnhideWhenUsed=\"false\" Name=\"Medium Grid 2 Accent 4\"\/><br \/>\n  <w:LsdException Locked=\"false\" Priority=\"69\" SemiHidden=\"false\"<br \/>\n   UnhideWhenUsed=\"false\" Name=\"Medium Grid 3 Accent 4\"\/><br \/>\n  <w:LsdException Locked=\"false\" Priority=\"70\" SemiHidden=\"false\"<br \/>\n   UnhideWhenUsed=\"false\" Name=\"Dark List Accent 4\"\/><br \/>\n  <w:LsdException Locked=\"false\" Priority=\"71\" SemiHidden=\"false\"<br \/>\n   UnhideWhenUsed=\"false\" Name=\"Colorful Shading Accent 4\"\/><br \/>\n  <w:LsdException Locked=\"false\" Priority=\"72\" SemiHidden=\"false\"<br \/>\n   UnhideWhenUsed=\"false\" Name=\"Colorful List Accent 4\"\/><br \/>\n  <w:LsdException Locked=\"false\" Priority=\"73\" SemiHidden=\"false\"<br \/>\n   UnhideWhenUsed=\"false\" Name=\"Colorful Grid Accent 4\"\/><br \/>\n  <w:LsdException Locked=\"false\" Priority=\"60\" SemiHidden=\"false\"<br \/>\n   UnhideWhenUsed=\"false\" Name=\"Light Shading Accent 5\"\/><br \/>\n  <w:LsdException Locked=\"false\" Priority=\"61\" SemiHidden=\"false\"<br \/>\n   UnhideWhenUsed=\"false\" Name=\"Light List Accent 5\"\/><br \/>\n  <w:LsdException Locked=\"false\" Priority=\"62\" SemiHidden=\"false\"<br \/>\n   UnhideWhenUsed=\"false\" Name=\"Light Grid Accent 5\"\/><br \/>\n  <w:LsdException Locked=\"false\" Priority=\"63\" SemiHidden=\"false\"<br \/>\n   UnhideWhenUsed=\"false\" Name=\"Medium Shading 1 Accent 5\"\/><br \/>\n  <w:LsdException Locked=\"false\" Priority=\"64\" SemiHidden=\"false\"<br \/>\n   UnhideWhenUsed=\"false\" Name=\"Medium Shading 2 Accent 5\"\/><br \/>\n  <w:LsdException Locked=\"false\" Priority=\"65\" SemiHidden=\"false\"<br \/>\n   UnhideWhenUsed=\"false\" Name=\"Medium List 1 Accent 5\"\/><br \/>\n  <w:LsdException Locked=\"false\" Priority=\"66\" SemiHidden=\"false\"<br \/>\n   UnhideWhenUsed=\"false\" Name=\"Medium List 2 Accent 5\"\/><br \/>\n  <w:LsdException Locked=\"false\" Priority=\"67\" SemiHidden=\"false\"<br \/>\n   UnhideWhenUsed=\"false\" Name=\"Medium Grid 1 Accent 5\"\/><br \/>\n  <w:LsdException Locked=\"false\" Priority=\"68\" SemiHidden=\"false\"<br \/>\n   UnhideWhenUsed=\"false\" Name=\"Medium Grid 2 Accent 5\"\/><br \/>\n  <w:LsdException Locked=\"false\" Priority=\"69\" SemiHidden=\"false\"<br \/>\n   UnhideWhenUsed=\"false\" Name=\"Medium Grid 3 Accent 5\"\/><br \/>\n  <w:LsdException Locked=\"false\" Priority=\"70\" SemiHidden=\"false\"<br \/>\n   UnhideWhenUsed=\"false\" Name=\"Dark List Accent 5\"\/><br \/>\n  <w:LsdException Locked=\"false\" Priority=\"71\" SemiHidden=\"false\"<br \/>\n   UnhideWhenUsed=\"false\" Name=\"Colorful Shading Accent 5\"\/><br \/>\n  <w:LsdException Locked=\"false\" Priority=\"72\" SemiHidden=\"false\"<br \/>\n   UnhideWhenUsed=\"false\" Name=\"Colorful List Accent 5\"\/><br \/>\n  <w:LsdException Locked=\"false\" Priority=\"73\" SemiHidden=\"false\"<br \/>\n   UnhideWhenUsed=\"false\" Name=\"Colorful Grid Accent 5\"\/><br \/>\n  <w:LsdException Locked=\"false\" Priority=\"60\" SemiHidden=\"false\"<br \/>\n   UnhideWhenUsed=\"false\" Name=\"Light Shading Accent 6\"\/><br \/>\n  <w:LsdException Locked=\"false\" Priority=\"61\" SemiHidden=\"false\"<br \/>\n   UnhideWhenUsed=\"false\" Name=\"Light List Accent 6\"\/><br \/>\n  <w:LsdException Locked=\"false\" Priority=\"62\" SemiHidden=\"false\"<br \/>\n   UnhideWhenUsed=\"false\" Name=\"Light Grid Accent 6\"\/><br \/>\n  <w:LsdException Locked=\"false\" Priority=\"63\" SemiHidden=\"false\"<br \/>\n   UnhideWhenUsed=\"false\" Name=\"Medium Shading 1 Accent 6\"\/><br \/>\n  <w:LsdException Locked=\"false\" Priority=\"64\" SemiHidden=\"false\"<br \/>\n   UnhideWhenUsed=\"false\" Name=\"Medium Shading 2 Accent 6\"\/><br \/>\n  <w:LsdException Locked=\"false\" Priority=\"65\" SemiHidden=\"false\"<br \/>\n   UnhideWhenUsed=\"false\" Name=\"Medium List 1 Accent 6\"\/><br \/>\n  <w:LsdException Locked=\"false\" Priority=\"66\" SemiHidden=\"false\"<br \/>\n   UnhideWhenUsed=\"false\" Name=\"Medium List 2 Accent 6\"\/><br \/>\n  <w:LsdException Locked=\"false\" Priority=\"67\" SemiHidden=\"false\"<br \/>\n   UnhideWhenUsed=\"false\" Name=\"Medium Grid 1 Accent 6\"\/><br \/>\n  <w:LsdException Locked=\"false\" Priority=\"68\" SemiHidden=\"false\"<br \/>\n   UnhideWhenUsed=\"false\" Name=\"Medium Grid 2 Accent 6\"\/><br \/>\n  <w:LsdException Locked=\"false\" Priority=\"69\" SemiHidden=\"false\"<br \/>\n   UnhideWhenUsed=\"false\" Name=\"Medium Grid 3 Accent 6\"\/><br \/>\n  <w:LsdException Locked=\"false\" Priority=\"70\" SemiHidden=\"false\"<br \/>\n   UnhideWhenUsed=\"false\" Name=\"Dark List Accent 6\"\/><br \/>\n  <w:LsdException Locked=\"false\" Priority=\"71\" SemiHidden=\"false\"<br \/>\n   UnhideWhenUsed=\"false\" Name=\"Colorful Shading Accent 6\"\/><br \/>\n  <w:LsdException Locked=\"false\" Priority=\"72\" SemiHidden=\"false\"<br \/>\n   UnhideWhenUsed=\"false\" Name=\"Colorful List Accent 6\"\/><br \/>\n  <w:LsdException Locked=\"false\" Priority=\"73\" SemiHidden=\"false\"<br \/>\n   UnhideWhenUsed=\"false\" Name=\"Colorful Grid Accent 6\"\/><br \/>\n  <w:LsdException Locked=\"false\" Priority=\"19\" SemiHidden=\"false\"<br \/>\n   UnhideWhenUsed=\"false\" QFormat=\"true\" Name=\"Subtle Emphasis\"\/><br \/>\n  <w:LsdException Locked=\"false\" Priority=\"21\" SemiHidden=\"false\"<br \/>\n   UnhideWhenUsed=\"false\" QFormat=\"true\" Name=\"Intense Emphasis\"\/><br \/>\n  <w:LsdException Locked=\"false\" Priority=\"31\" SemiHidden=\"false\"<br \/>\n   UnhideWhenUsed=\"false\" QFormat=\"true\" Name=\"Subtle Reference\"\/><br \/>\n  <w:LsdException Locked=\"false\" Priority=\"32\" SemiHidden=\"false\"<br \/>\n   UnhideWhenUsed=\"false\" QFormat=\"true\" Name=\"Intense Reference\"\/><br \/>\n  <w:LsdException Locked=\"false\" Priority=\"33\" SemiHidden=\"false\"<br \/>\n   UnhideWhenUsed=\"false\" QFormat=\"true\" Name=\"Book Title\"\/><br \/>\n  <w:LsdException Locked=\"false\" Priority=\"37\" Name=\"Bibliography\"\/><br \/>\n  <w:LsdException Locked=\"false\" Priority=\"39\" QFormat=\"true\" Name=\"TOC Heading\"\/><br \/>\n <\/w:LatentStyles><br \/>\n<\/xml><![endif]--><!--[if gte mso 10]><\/p>\n\n\n\n\n<style>\n \/* Style Definitions *\/\n table.MsoNormalTable\n\t{mso-style-name:\"Tableau Normal\";\n\tmso-tstyle-rowband-size:0;\n\tmso-tstyle-colband-size:0;\n\tmso-style-noshow:yes;\n\tmso-style-priority:99;\n\tmso-style-qformat:yes;\n\tmso-style-parent:\"\";\n\tmso-padding-alt:0cm 5.4pt 0cm 5.4pt;\n\tmso-para-margin-top:0cm;\n\tmso-para-margin-right:0cm;\n\tmso-para-margin-bottom:10.0pt;\n\tmso-para-margin-left:0cm;\n\tline-height:115%;\n\tmso-pagination:widow-orphan;\n\tfont-size:11.0pt;\n\tfont-family:\"Calibri\",\"sans-serif\";\n\tmso-ascii-font-family:Calibri;\n\tmso-ascii-theme-font:minor-latin;\n\tmso-fareast-font-family:\"Times New Roman\";\n\tmso-fareast-theme-font:minor-fareast;\n\tmso-hansi-font-family:Calibri;\n\tmso-hansi-theme-font:minor-latin;}\n<\/style>\n\n\n\n\n<p><![endif]--><\/p>\n<\/p>\n<p><\/p>","protected":false},"excerpt":{"rendered":"<p>Descripci\u00f3n del Proyecto El t\u00e9cnico de trabajos verticales es profesional\u00a0 que realiza trabajos de dif\u00edcil acceso en altura sobre cuerdas.\u00a0 La profesi\u00f3n de trabajador vertical se ha ido profesionalizando a lo largo de su historia y es hoy una profesi\u00f3n &hellip; <a href=\"https:\/\/www.epcra.eu\/es\/le-projet\/\">Continue reading <span class=\"meta-nav\">&rarr;<\/span><\/a><\/p>\n","protected":false},"author":2,"featured_media":0,"parent":0,"menu_order":0,"comment_status":"closed","ping_status":"closed","template":"","meta":{"footnotes":""},"class_list":["post-88","page","type-page","status-publish","hentry"],"_links":{"self":[{"href":"https:\/\/www.epcra.eu\/es\/wp-json\/wp\/v2\/pages\/88","targetHints":{"allow":["GET"]}}],"collection":[{"href":"https:\/\/www.epcra.eu\/es\/wp-json\/wp\/v2\/pages"}],"about":[{"href":"https:\/\/www.epcra.eu\/es\/wp-json\/wp\/v2\/types\/page"}],"author":[{"embeddable":true,"href":"https:\/\/www.epcra.eu\/es\/wp-json\/wp\/v2\/users\/2"}],"replies":[{"embeddable":true,"href":"https:\/\/www.epcra.eu\/es\/wp-json\/wp\/v2\/comments?post=88"}],"version-history":[{"count":5,"href":"https:\/\/www.epcra.eu\/es\/wp-json\/wp\/v2\/pages\/88\/revisions"}],"predecessor-version":[{"id":307,"href":"https:\/\/www.epcra.eu\/es\/wp-json\/wp\/v2\/pages\/88\/revisions\/307"}],"wp:attachment":[{"href":"https:\/\/www.epcra.eu\/es\/wp-json\/wp\/v2\/media?parent=88"}],"curies":[{"name":"wp","href":"https:\/\/api.w.org\/{rel}","templated":true}]}}